{"id":2417,"date":"2019-03-21T11:22:39","date_gmt":"2019-03-21T10:22:39","guid":{"rendered":"http:\/\/www.tygrys-biznes.pl\/?page_id=2417"},"modified":"2019-03-21T12:18:44","modified_gmt":"2019-03-21T11:18:44","slug":"administracja-serwerami","status":"publish","type":"page","link":"https:\/\/www.tygrys-biznes.pl\/?page_id=2417","title":{"rendered":"Administracja Serwerami"},"content":{"rendered":"<div class=\"mp-row-fluid motopress-row mpce-dsbl-margin-left mpce-dsbl-margin-right\">\n<div class=\"motopress-clmn mp-span12  mpce-dsbl-margin-left mpce-dsbl-margin-right\">\n<div class=\"motopress-text-obj\">\n<h2 style=\"text-align: center;\"><span style=\"color: #ff6600;\">&nbsp;Administracja Serwerami<\/span><\/h2>\n<\/div>\n<\/div>\n<\/div>\n<div class=\"mp-row-fluid motopress-row mpce-dsbl-margin-left mpce-dsbl-margin-right\">\n<div class=\"motopress-clmn mp-span12  mpce-dsbl-margin-left mpce-dsbl-margin-right\">\n<div class=\"motopress-text-obj\">\n<p>Nasz zesp&oacute;\u0142 od kilkunastu lat obs\u0142uguje tysi\u0105ce urz\u0105dze\u0144 klienckich sieci TYGRYS.NET. Posiadamy w\u0142asn\u0105 serwerowni\u0119, kilkadziesi\u0105t serwer&oacute;w fizycznych i kilkaset wirtualnych pod nasz\u0105 opiek\u0105. Nad ca\u0142o\u015bci\u0105 pracuje kilku administrator&oacute;w z wieloletnim sta\u017cem.&nbsp;<\/p>\n<\/div>\n<\/div>\n<\/div>\n<div class=\"mp-row-fluid motopress-row mpce-dsbl-margin-left mpce-dsbl-margin-right\">\n<div class=\"motopress-clmn mp-span4  mpce-dsbl-margin-left mpce-dsbl-margin-right\">\n<div class=\"motopress-service-box-obj motopress-service-box-centered motopress-service-box-basic motopress-service-box-brand\"><div class=\"motopress-service-box-icon-section motopress-service-box-small-icon\"  style=\" padding-left: 0px; padding-right: 0px; padding-top: 0px; padding-bottom: 0px;\"><div class=\"motopress-service-box-icon-holder motopress-service-box-icon-holder-square\"  style=\" font-size: 96px; background-color: rgb(255, 255, 255); min-height: 1.000000em; height: 1.000000em; min-width: 1.000000em; width: 1.000000em;\"><img decoding=\"async\" src=\"https:\/\/www.tygrys-biznes.pl\/wp-content\/uploads\/2019\/03\/icons8-automation-96-1.png\" \/><\/div><\/div><div class=\"motopress-service-box-heading-section\"><h4>Konfiguracja Serwer\u00f3w<\/h4><\/div><div class=\"motopress-service-box-content-section\">\n<p>Instalacja wraz z konfiguracj\u0105 wybranego systemu operacyjnego na serwerze<br \/>wraz z jego optymalizacj\u0105 i zabezpieczeniem.<\/p>\n<\/div><\/div>\n<\/div>\n<div class=\"motopress-clmn mp-span4  mpce-dsbl-margin-left mpce-dsbl-margin-right\">\n<div class=\"motopress-service-box-obj motopress-service-box-centered motopress-service-box-basic motopress-service-box-brand\"><div class=\"motopress-service-box-icon-section motopress-service-box-small-icon\"  style=\" padding-left: 0px; padding-right: 0px; padding-top: 0px; padding-bottom: 0px;\"><div class=\"motopress-service-box-icon-holder motopress-service-box-icon-holder-square\"  style=\" font-size: 96px; background-color: rgb(255, 255, 255); min-height: 1.000000em; height: 1.000000em; min-width: 1.000000em; width: 1.000000em;\"><img decoding=\"async\" src=\"https:\/\/www.tygrys-biznes.pl\/wp-content\/uploads\/2019\/03\/icons8-workspace-96.png\" \/><\/div><\/div><div class=\"motopress-service-box-heading-section\"><h4>Doradztwo<\/h4><\/div><div class=\"motopress-service-box-content-section\">\n<p>Wsparcie klienta w zakresie optymalnego wyboru odpowiedniego sprz\u0119tu i oprogramowania serwerowego.<\/p>\n<\/div><\/div>\n<\/div>\n<div class=\"motopress-clmn mp-span4  mpce-dsbl-margin-left mpce-dsbl-margin-right\">\n<div class=\"motopress-service-box-obj motopress-service-box-centered motopress-service-box-basic motopress-service-box-brand\"><div class=\"motopress-service-box-icon-section motopress-service-box-small-icon\"  style=\" padding-left: 0px; padding-right: 0px; padding-top: 0px; padding-bottom: 0px;\"><div class=\"motopress-service-box-icon-holder motopress-service-box-icon-holder-square\"  style=\" font-size: 96px; background-color: rgb(255, 255, 255); min-height: 1.000000em; height: 1.000000em; min-width: 1.000000em; width: 1.000000em;\"><img decoding=\"async\" src=\"https:\/\/www.tygrys-biznes.pl\/wp-content\/uploads\/2019\/03\/icons8-heart-monitor-96.png\" \/><\/div><\/div><div class=\"motopress-service-box-heading-section\"><h4>Monitoring<\/h4><\/div><div class=\"motopress-service-box-content-section\">\n<p>Monitoring infrastruktury serwerowej klienta w trybie 24\/7\/365<\/p>\n<\/div><\/div>\n<\/div>\n<\/div>\n<div class=\"mp-row-fluid motopress-row mpce-dsbl-margin-left mpce-dsbl-margin-right\">\n<div class=\"motopress-clmn mp-span4  mpce-dsbl-margin-left mpce-dsbl-margin-right\">\n<div class=\"motopress-service-box-obj motopress-service-box-centered motopress-service-box-basic motopress-service-box-brand\"><div class=\"motopress-service-box-icon-section motopress-service-box-small-icon\"  style=\" padding-left: 0px; padding-right: 0px; padding-top: 0px; padding-bottom: 0px;\"><div class=\"motopress-service-box-icon-holder motopress-service-box-icon-holder-square\"  style=\" font-size: 96px; background-color: rgb(255, 255, 255); min-height: 1.000000em; height: 1.000000em; min-width: 1.000000em; width: 1.000000em;\"><img decoding=\"async\" src=\"https:\/\/www.tygrys-biznes.pl\/wp-content\/uploads\/2019\/03\/icons8-copy-96-1.png\" \/><\/div><\/div><div class=\"motopress-service-box-heading-section\"><h4>Kopie zapasowe<\/h4><\/div><div class=\"motopress-service-box-content-section\">\n<p>Tworzenie kopi zapasowych danych klienta w oparciu o redundantne macierze serwerowe.<\/p>\n<\/div><\/div>\n<\/div>\n<div class=\"motopress-clmn mp-span4  mpce-dsbl-margin-left mpce-dsbl-margin-right\">\n<div class=\"motopress-service-box-obj motopress-service-box-centered motopress-service-box-basic motopress-service-box-brand\"><div class=\"motopress-service-box-icon-section motopress-service-box-small-icon\"  style=\" padding-left: 0px; padding-right: 0px; padding-top: 0px; padding-bottom: 0px;\"><div class=\"motopress-service-box-icon-holder motopress-service-box-icon-holder-square\"  style=\" font-size: 96px; background-color: rgb(255, 255, 255); min-height: 1.000000em; height: 1.000000em; min-width: 1.000000em; width: 1.000000em;\"><img decoding=\"async\" src=\"https:\/\/www.tygrys-biznes.pl\/wp-content\/uploads\/2019\/03\/icons8-hacking-96.png\" \/><\/div><\/div><div class=\"motopress-service-box-heading-section\"><h4>Audyt Bezpiecze\u0144stwa<\/h4><\/div><div class=\"motopress-service-box-content-section\">\n<p>Audyty bezpiecze\u0144stwa i analiza pow\u0142amaniowa<\/p>\n<\/div><\/div>\n<\/div>\n<div class=\"motopress-clmn mp-span4  mpce-dsbl-margin-left mpce-dsbl-margin-right\">\n<div class=\"motopress-service-box-obj motopress-service-box-centered motopress-service-box-basic motopress-service-box-brand\"><div class=\"motopress-service-box-icon-section motopress-service-box-small-icon\"  style=\" padding-left: 0px; padding-right: 0px; padding-top: 0px; padding-bottom: 0px;\"><div class=\"motopress-service-box-icon-holder motopress-service-box-icon-holder-square\"  style=\" font-size: 96px; background-color: rgb(255, 255, 255); min-height: 1.000000em; height: 1.000000em; min-width: 1.000000em; width: 1.000000em;\"><img decoding=\"async\" src=\"https:\/\/www.tygrys-biznes.pl\/wp-content\/uploads\/2019\/03\/icons8-server-96.png\" \/><\/div><\/div><div class=\"motopress-service-box-heading-section\"><h4>Wirtualizacja<\/h4><\/div><div class=\"motopress-service-box-content-section\">\n<p>Wdro\u017cenie \u015brodowiska opartego o wirtualizacj\u0119 <\/p>\n<\/div><\/div>\n<\/div>\n<\/div>\n","protected":false},"excerpt":{"rendered":"&nbsp;Administracja Serwerami Nasz zesp&oacute;\u0142 od kilkunastu lat obs\u0142uguje tysi\u0105ce urz\u0105dze\u0144 klienckich sieci TYGRYS.NET. [&hellip;]","protected":false},"author":1,"featured_media":0,"parent":0,"menu_order":0,"comment_status":"closed","ping_status":"closed","template":"","meta":{"footnotes":""},"class_list":["post-2417","page","type-page","status-publish","hentry"],"yoast_head":"<!-- This site is optimized with the Yoast SEO plugin v25.0 - https:\/\/yoast.com\/wordpress\/plugins\/seo\/ -->\n<title>Administracja Serwerami - TYGRYS.NET BIZNES<\/title>\n<meta name=\"robots\" content=\"index, follow, max-snippet:-1, max-image-preview:large, max-video-preview:-1\" \/>\n<link rel=\"canonical\" href=\"https:\/\/www.tygrys-biznes.pl\/?page_id=2417\" \/>\n<meta property=\"og:locale\" content=\"pl_PL\" \/>\n<meta property=\"og:type\" content=\"article\" \/>\n<meta property=\"og:title\" content=\"Administracja Serwerami - TYGRYS.NET BIZNES\" \/>\n<meta property=\"og:description\" content=\"&nbsp;Administracja Serwerami Nasz zesp&oacute;\u0142 od kilkunastu lat obs\u0142uguje tysi\u0105ce urz\u0105dze\u0144 klienckich sieci TYGRYS.NET. [&hellip;]\" \/>\n<meta property=\"og:url\" content=\"https:\/\/www.tygrys-biznes.pl\/?page_id=2417\" \/>\n<meta property=\"og:site_name\" content=\"TYGRYS.NET BIZNES\" \/>\n<meta property=\"article:publisher\" content=\"https:\/\/www.facebook.com\/tygrys.net\" \/>\n<meta property=\"article:modified_time\" content=\"2019-03-21T11:18:44+00:00\" \/>\n<meta property=\"og:image\" content=\"http:\/\/www.tygrys-biznes.pl\/wp-content\/uploads\/2019\/03\/icons8-automation-96-1.png\" \/>\n<meta name=\"twitter:card\" content=\"summary_large_image\" \/>\n<meta name=\"twitter:label1\" content=\"Szacowany czas czytania\" \/>\n\t<meta name=\"twitter:data1\" content=\"1 minuta\" \/>\n<script type=\"application\/ld+json\" class=\"yoast-schema-graph\">{\"@context\":\"https:\/\/schema.org\",\"@graph\":[{\"@type\":\"WebPage\",\"@id\":\"https:\/\/www.tygrys-biznes.pl\/?page_id=2417\",\"url\":\"https:\/\/www.tygrys-biznes.pl\/?page_id=2417\",\"name\":\"Administracja Serwerami - TYGRYS.NET BIZNES\",\"isPartOf\":{\"@id\":\"https:\/\/www.tygrys-biznes.pl\/#website\"},\"primaryImageOfPage\":{\"@id\":\"https:\/\/www.tygrys-biznes.pl\/?page_id=2417#primaryimage\"},\"image\":{\"@id\":\"https:\/\/www.tygrys-biznes.pl\/?page_id=2417#primaryimage\"},\"thumbnailUrl\":\"http:\/\/www.tygrys-biznes.pl\/wp-content\/uploads\/2019\/03\/icons8-automation-96-1.png\",\"datePublished\":\"2019-03-21T10:22:39+00:00\",\"dateModified\":\"2019-03-21T11:18:44+00:00\",\"breadcrumb\":{\"@id\":\"https:\/\/www.tygrys-biznes.pl\/?page_id=2417#breadcrumb\"},\"inLanguage\":\"pl-PL\",\"potentialAction\":[{\"@type\":\"ReadAction\",\"target\":[\"https:\/\/www.tygrys-biznes.pl\/?page_id=2417\"]}]},{\"@type\":\"ImageObject\",\"inLanguage\":\"pl-PL\",\"@id\":\"https:\/\/www.tygrys-biznes.pl\/?page_id=2417#primaryimage\",\"url\":\"http:\/\/www.tygrys-biznes.pl\/wp-content\/uploads\/2019\/03\/icons8-automation-96-1.png\",\"contentUrl\":\"http:\/\/www.tygrys-biznes.pl\/wp-content\/uploads\/2019\/03\/icons8-automation-96-1.png\"},{\"@type\":\"BreadcrumbList\",\"@id\":\"https:\/\/www.tygrys-biznes.pl\/?page_id=2417#breadcrumb\",\"itemListElement\":[{\"@type\":\"ListItem\",\"position\":1,\"name\":\"Strona g\u0142\u00f3wna\",\"item\":\"https:\/\/www.tygrys-biznes.pl\/\"},{\"@type\":\"ListItem\",\"position\":2,\"name\":\"Administracja Serwerami\"}]},{\"@type\":\"WebSite\",\"@id\":\"https:\/\/www.tygrys-biznes.pl\/#website\",\"url\":\"https:\/\/www.tygrys-biznes.pl\/\",\"name\":\"TYGRYS.NET BIZNES\",\"description\":\"Obs\u0142uga informatyczna\",\"publisher\":{\"@id\":\"https:\/\/www.tygrys-biznes.pl\/#organization\"},\"potentialAction\":[{\"@type\":\"SearchAction\",\"target\":{\"@type\":\"EntryPoint\",\"urlTemplate\":\"https:\/\/www.tygrys-biznes.pl\/?s={search_term_string}\"},\"query-input\":{\"@type\":\"PropertyValueSpecification\",\"valueRequired\":true,\"valueName\":\"search_term_string\"}}],\"inLanguage\":\"pl-PL\"},{\"@type\":\"Organization\",\"@id\":\"https:\/\/www.tygrys-biznes.pl\/#organization\",\"name\":\"TYGRYS.NET BIZNES\",\"url\":\"https:\/\/www.tygrys-biznes.pl\/\",\"logo\":{\"@type\":\"ImageObject\",\"inLanguage\":\"pl-PL\",\"@id\":\"https:\/\/www.tygrys-biznes.pl\/#\/schema\/logo\/image\/\",\"url\":\"https:\/\/www.tygrys-biznes.pl\/wp-content\/uploads\/2025\/04\/tygrysbiznes3logo.png\",\"contentUrl\":\"https:\/\/www.tygrys-biznes.pl\/wp-content\/uploads\/2025\/04\/tygrysbiznes3logo.png\",\"width\":200,\"height\":144,\"caption\":\"TYGRYS.NET BIZNES\"},\"image\":{\"@id\":\"https:\/\/www.tygrys-biznes.pl\/#\/schema\/logo\/image\/\"},\"sameAs\":[\"https:\/\/www.facebook.com\/tygrys.net\",\"https:\/\/www.instagram.com\/tygrys.net_rumia\/\"]}]}<\/script>\n<!-- \/ Yoast SEO plugin. -->","yoast_head_json":{"title":"Administracja Serwerami - TYGRYS.NET BIZNES","robots":{"index":"index","follow":"follow","max-snippet":"max-snippet:-1","max-image-preview":"max-image-preview:large","max-video-preview":"max-video-preview:-1"},"canonical":"https:\/\/www.tygrys-biznes.pl\/?page_id=2417","og_locale":"pl_PL","og_type":"article","og_title":"Administracja Serwerami - TYGRYS.NET BIZNES","og_description":"&nbsp;Administracja Serwerami Nasz zesp&oacute;\u0142 od kilkunastu lat obs\u0142uguje tysi\u0105ce urz\u0105dze\u0144 klienckich sieci TYGRYS.NET. [&hellip;]","og_url":"https:\/\/www.tygrys-biznes.pl\/?page_id=2417","og_site_name":"TYGRYS.NET BIZNES","article_publisher":"https:\/\/www.facebook.com\/tygrys.net","article_modified_time":"2019-03-21T11:18:44+00:00","og_image":[{"url":"http:\/\/www.tygrys-biznes.pl\/wp-content\/uploads\/2019\/03\/icons8-automation-96-1.png","type":"","width":"","height":""}],"twitter_card":"summary_large_image","twitter_misc":{"Szacowany czas czytania":"1 minuta"},"schema":{"@context":"https:\/\/schema.org","@graph":[{"@type":"WebPage","@id":"https:\/\/www.tygrys-biznes.pl\/?page_id=2417","url":"https:\/\/www.tygrys-biznes.pl\/?page_id=2417","name":"Administracja Serwerami - TYGRYS.NET BIZNES","isPartOf":{"@id":"https:\/\/www.tygrys-biznes.pl\/#website"},"primaryImageOfPage":{"@id":"https:\/\/www.tygrys-biznes.pl\/?page_id=2417#primaryimage"},"image":{"@id":"https:\/\/www.tygrys-biznes.pl\/?page_id=2417#primaryimage"},"thumbnailUrl":"http:\/\/www.tygrys-biznes.pl\/wp-content\/uploads\/2019\/03\/icons8-automation-96-1.png","datePublished":"2019-03-21T10:22:39+00:00","dateModified":"2019-03-21T11:18:44+00:00","breadcrumb":{"@id":"https:\/\/www.tygrys-biznes.pl\/?page_id=2417#breadcrumb"},"inLanguage":"pl-PL","potentialAction":[{"@type":"ReadAction","target":["https:\/\/www.tygrys-biznes.pl\/?page_id=2417"]}]},{"@type":"ImageObject","inLanguage":"pl-PL","@id":"https:\/\/www.tygrys-biznes.pl\/?page_id=2417#primaryimage","url":"http:\/\/www.tygrys-biznes.pl\/wp-content\/uploads\/2019\/03\/icons8-automation-96-1.png","contentUrl":"http:\/\/www.tygrys-biznes.pl\/wp-content\/uploads\/2019\/03\/icons8-automation-96-1.png"},{"@type":"BreadcrumbList","@id":"https:\/\/www.tygrys-biznes.pl\/?page_id=2417#breadcrumb","itemListElement":[{"@type":"ListItem","position":1,"name":"Strona g\u0142\u00f3wna","item":"https:\/\/www.tygrys-biznes.pl\/"},{"@type":"ListItem","position":2,"name":"Administracja Serwerami"}]},{"@type":"WebSite","@id":"https:\/\/www.tygrys-biznes.pl\/#website","url":"https:\/\/www.tygrys-biznes.pl\/","name":"TYGRYS.NET BIZNES","description":"Obs\u0142uga informatyczna","publisher":{"@id":"https:\/\/www.tygrys-biznes.pl\/#organization"},"potentialAction":[{"@type":"SearchAction","target":{"@type":"EntryPoint","urlTemplate":"https:\/\/www.tygrys-biznes.pl\/?s={search_term_string}"},"query-input":{"@type":"PropertyValueSpecification","valueRequired":true,"valueName":"search_term_string"}}],"inLanguage":"pl-PL"},{"@type":"Organization","@id":"https:\/\/www.tygrys-biznes.pl\/#organization","name":"TYGRYS.NET BIZNES","url":"https:\/\/www.tygrys-biznes.pl\/","logo":{"@type":"ImageObject","inLanguage":"pl-PL","@id":"https:\/\/www.tygrys-biznes.pl\/#\/schema\/logo\/image\/","url":"https:\/\/www.tygrys-biznes.pl\/wp-content\/uploads\/2025\/04\/tygrysbiznes3logo.png","contentUrl":"https:\/\/www.tygrys-biznes.pl\/wp-content\/uploads\/2025\/04\/tygrysbiznes3logo.png","width":200,"height":144,"caption":"TYGRYS.NET BIZNES"},"image":{"@id":"https:\/\/www.tygrys-biznes.pl\/#\/schema\/logo\/image\/"},"sameAs":["https:\/\/www.facebook.com\/tygrys.net","https:\/\/www.instagram.com\/tygrys.net_rumia\/"]}]}},"_links":{"self":[{"href":"https:\/\/www.tygrys-biznes.pl\/index.php?rest_route=\/wp\/v2\/pages\/2417","targetHints":{"allow":["GET"]}}],"collection":[{"href":"https:\/\/www.tygrys-biznes.pl\/index.php?rest_route=\/wp\/v2\/pages"}],"about":[{"href":"https:\/\/www.tygrys-biznes.pl\/index.php?rest_route=\/wp\/v2\/types\/page"}],"author":[{"embeddable":true,"href":"https:\/\/www.tygrys-biznes.pl\/index.php?rest_route=\/wp\/v2\/users\/1"}],"replies":[{"embeddable":true,"href":"https:\/\/www.tygrys-biznes.pl\/index.php?rest_route=%2Fwp%2Fv2%2Fcomments&post=2417"}],"version-history":[{"count":0,"href":"https:\/\/www.tygrys-biznes.pl\/index.php?rest_route=\/wp\/v2\/pages\/2417\/revisions"}],"wp:attachment":[{"href":"https:\/\/www.tygrys-biznes.pl\/index.php?rest_route=%2Fwp%2Fv2%2Fmedia&parent=2417"}],"curies":[{"name":"wp","href":"https:\/\/api.w.org\/{rel}","templated":true}]}}