{"id":2405,"date":"2019-03-21T10:14:19","date_gmt":"2019-03-21T09:14:19","guid":{"rendered":"http:\/\/www.tygrys-biznes.pl\/?page_id=2405"},"modified":"2019-03-21T11:06:02","modified_gmt":"2019-03-21T10:06:02","slug":"opieka-informatyczna","status":"publish","type":"page","link":"https:\/\/www.tygrys-biznes.pl\/?page_id=2405","title":{"rendered":"Opieka informatyczna"},"content":{"rendered":"<div class=\"mp-row-fluid motopress-row mpce-dsbl-margin-left mpce-dsbl-margin-right\">\n<div class=\"motopress-clmn mp-span12  mpce-dsbl-margin-left mpce-dsbl-margin-right\">\n<div class=\"motopress-text-obj\">\n<h2 style=\"text-align: center;\"><span style=\"color: #ff6600;\">&nbsp;Opieka informatyczna<\/span><\/h2>\n<\/div>\n<\/div>\n<\/div>\n<div class=\"mp-row-fluid motopress-row mpce-dsbl-margin-left mpce-dsbl-margin-right\">\n<div class=\"motopress-clmn mp-span6  mpce-dsbl-margin-left mpce-dsbl-margin-right\">\n<div class=\"motopress-text-obj\">\n<p><span style=\"color: #ff6600;\"><strong>TYGRYS.NET Biznes<\/strong><\/span> to wyspecjalizowany zesp&oacute;\u0142 serwisowy realizuj\u0105cy wdro\u017cenia system&oacute;w informatycznych, dostawy sprz\u0119tu i oprogramowania oraz us\u0142ugi utrzymaniowe.<\/p>\n<p>Zapewniamy wsparcie dla firm na terenie Rumi oraz okolic.&nbsp;<\/p>\n<p>Podstawow\u0105 us\u0142ug\u0105 oferowan\u0105 przez TYGRYS.NET Biznes jest doradztwo oraz opieka informatyczna dla firm:<\/p>\n<p><strong><span style=\"color: #ff6600;\">Zakres naszych us\u0142ug obejmuje:<\/span><\/strong><\/p>\n<ul>\n<li>doradztwo IT<\/li>\n<li>administracj\u0119 systemami informatycznymi<\/li>\n<li>wdro\u017cenia oprogramowania OpenSource i komercyjnego<\/li>\n<li>napraw\u0119 oraz sprzeda\u017c sprz\u0119tu komputerowego i oprogramowania<\/li>\n<\/ul>\n<\/div>\n<\/div>\n<div class=\"motopress-clmn mp-span6  mpce-dsbl-margin-left mpce-dsbl-margin-right\">\n<div class=\"mp-row-fluid motopress-row mpce-dsbl-margin-left mpce-dsbl-margin-right\">\n<div class=\"motopress-clmn mp-span12 mpce-dsbl-margin-left mpce-dsbl-margin-right\">\n<div class=\"motopress-image-obj motopress-text-align-left\"><img decoding=\"async\" src=\"https:\/\/www.tygrys-biznes.pl\/wp-content\/uploads\/2019\/03\/action-adult-advice-1120344-1024x683.jpg\" title=\"action-adult-advice-1120344\" alt=\"action-adult-advice-1120344\" class=\"motopress-image-obj-basic mpce-dsbl-margin-left mpce-dsbl-margin-right mpce-dsbl-margin-top mpce-dsbl-margin-bottom\" \/><\/div>\n<\/div>\n<\/div>\n<\/div>\n<\/div>\n","protected":false},"excerpt":{"rendered":"&nbsp;Opieka informatyczna TYGRYS.NET Biznes to wyspecjalizowany zesp&oacute;\u0142 serwisowy realizuj\u0105cy wdro\u017cenia system&oacute;w informatycznych, dostawy [&hellip;]","protected":false},"author":1,"featured_media":0,"parent":0,"menu_order":0,"comment_status":"closed","ping_status":"closed","template":"","meta":{"footnotes":""},"class_list":["post-2405","page","type-page","status-publish","hentry"],"yoast_head":"<!-- This site is optimized with the Yoast SEO plugin v25.0 - https:\/\/yoast.com\/wordpress\/plugins\/seo\/ -->\n<title>Opieka informatyczna - TYGRYS.NET BIZNES<\/title>\n<meta name=\"robots\" content=\"index, follow, max-snippet:-1, max-image-preview:large, max-video-preview:-1\" \/>\n<link rel=\"canonical\" href=\"https:\/\/www.tygrys-biznes.pl\/?page_id=2405\" \/>\n<meta property=\"og:locale\" content=\"pl_PL\" \/>\n<meta property=\"og:type\" content=\"article\" \/>\n<meta property=\"og:title\" content=\"Opieka informatyczna - TYGRYS.NET BIZNES\" \/>\n<meta property=\"og:description\" content=\"&nbsp;Opieka informatyczna TYGRYS.NET Biznes to wyspecjalizowany zesp&oacute;\u0142 serwisowy realizuj\u0105cy wdro\u017cenia system&oacute;w informatycznych, dostawy [&hellip;]\" \/>\n<meta property=\"og:url\" content=\"https:\/\/www.tygrys-biznes.pl\/?page_id=2405\" \/>\n<meta property=\"og:site_name\" content=\"TYGRYS.NET BIZNES\" \/>\n<meta property=\"article:publisher\" content=\"https:\/\/www.facebook.com\/tygrys.net\" \/>\n<meta property=\"article:modified_time\" content=\"2019-03-21T10:06:02+00:00\" \/>\n<meta property=\"og:image\" content=\"http:\/\/www.tygrys-biznes.pl\/wp-content\/uploads\/2019\/03\/action-adult-advice-1120344-1024x683.jpg\" \/>\n<meta name=\"twitter:card\" content=\"summary_large_image\" \/>\n<script type=\"application\/ld+json\" class=\"yoast-schema-graph\">{\"@context\":\"https:\/\/schema.org\",\"@graph\":[{\"@type\":\"WebPage\",\"@id\":\"https:\/\/www.tygrys-biznes.pl\/?page_id=2405\",\"url\":\"https:\/\/www.tygrys-biznes.pl\/?page_id=2405\",\"name\":\"Opieka informatyczna - TYGRYS.NET BIZNES\",\"isPartOf\":{\"@id\":\"https:\/\/www.tygrys-biznes.pl\/#website\"},\"primaryImageOfPage\":{\"@id\":\"https:\/\/www.tygrys-biznes.pl\/?page_id=2405#primaryimage\"},\"image\":{\"@id\":\"https:\/\/www.tygrys-biznes.pl\/?page_id=2405#primaryimage\"},\"thumbnailUrl\":\"http:\/\/www.tygrys-biznes.pl\/wp-content\/uploads\/2019\/03\/action-adult-advice-1120344-1024x683.jpg\",\"datePublished\":\"2019-03-21T09:14:19+00:00\",\"dateModified\":\"2019-03-21T10:06:02+00:00\",\"breadcrumb\":{\"@id\":\"https:\/\/www.tygrys-biznes.pl\/?page_id=2405#breadcrumb\"},\"inLanguage\":\"pl-PL\",\"potentialAction\":[{\"@type\":\"ReadAction\",\"target\":[\"https:\/\/www.tygrys-biznes.pl\/?page_id=2405\"]}]},{\"@type\":\"ImageObject\",\"inLanguage\":\"pl-PL\",\"@id\":\"https:\/\/www.tygrys-biznes.pl\/?page_id=2405#primaryimage\",\"url\":\"http:\/\/www.tygrys-biznes.pl\/wp-content\/uploads\/2019\/03\/action-adult-advice-1120344-1024x683.jpg\",\"contentUrl\":\"http:\/\/www.tygrys-biznes.pl\/wp-content\/uploads\/2019\/03\/action-adult-advice-1120344-1024x683.jpg\"},{\"@type\":\"BreadcrumbList\",\"@id\":\"https:\/\/www.tygrys-biznes.pl\/?page_id=2405#breadcrumb\",\"itemListElement\":[{\"@type\":\"ListItem\",\"position\":1,\"name\":\"Strona g\u0142\u00f3wna\",\"item\":\"https:\/\/www.tygrys-biznes.pl\/\"},{\"@type\":\"ListItem\",\"position\":2,\"name\":\"Opieka informatyczna\"}]},{\"@type\":\"WebSite\",\"@id\":\"https:\/\/www.tygrys-biznes.pl\/#website\",\"url\":\"https:\/\/www.tygrys-biznes.pl\/\",\"name\":\"TYGRYS.NET BIZNES\",\"description\":\"Obs\u0142uga informatyczna\",\"publisher\":{\"@id\":\"https:\/\/www.tygrys-biznes.pl\/#organization\"},\"potentialAction\":[{\"@type\":\"SearchAction\",\"target\":{\"@type\":\"EntryPoint\",\"urlTemplate\":\"https:\/\/www.tygrys-biznes.pl\/?s={search_term_string}\"},\"query-input\":{\"@type\":\"PropertyValueSpecification\",\"valueRequired\":true,\"valueName\":\"search_term_string\"}}],\"inLanguage\":\"pl-PL\"},{\"@type\":\"Organization\",\"@id\":\"https:\/\/www.tygrys-biznes.pl\/#organization\",\"name\":\"TYGRYS.NET BIZNES\",\"url\":\"https:\/\/www.tygrys-biznes.pl\/\",\"logo\":{\"@type\":\"ImageObject\",\"inLanguage\":\"pl-PL\",\"@id\":\"https:\/\/www.tygrys-biznes.pl\/#\/schema\/logo\/image\/\",\"url\":\"https:\/\/www.tygrys-biznes.pl\/wp-content\/uploads\/2025\/04\/tygrysbiznes3logo.png\",\"contentUrl\":\"https:\/\/www.tygrys-biznes.pl\/wp-content\/uploads\/2025\/04\/tygrysbiznes3logo.png\",\"width\":200,\"height\":144,\"caption\":\"TYGRYS.NET BIZNES\"},\"image\":{\"@id\":\"https:\/\/www.tygrys-biznes.pl\/#\/schema\/logo\/image\/\"},\"sameAs\":[\"https:\/\/www.facebook.com\/tygrys.net\",\"https:\/\/www.instagram.com\/tygrys.net_rumia\/\"]}]}<\/script>\n<!-- \/ Yoast SEO plugin. -->","yoast_head_json":{"title":"Opieka informatyczna - TYGRYS.NET BIZNES","robots":{"index":"index","follow":"follow","max-snippet":"max-snippet:-1","max-image-preview":"max-image-preview:large","max-video-preview":"max-video-preview:-1"},"canonical":"https:\/\/www.tygrys-biznes.pl\/?page_id=2405","og_locale":"pl_PL","og_type":"article","og_title":"Opieka informatyczna - TYGRYS.NET BIZNES","og_description":"&nbsp;Opieka informatyczna TYGRYS.NET Biznes to wyspecjalizowany zesp&oacute;\u0142 serwisowy realizuj\u0105cy wdro\u017cenia system&oacute;w informatycznych, dostawy [&hellip;]","og_url":"https:\/\/www.tygrys-biznes.pl\/?page_id=2405","og_site_name":"TYGRYS.NET BIZNES","article_publisher":"https:\/\/www.facebook.com\/tygrys.net","article_modified_time":"2019-03-21T10:06:02+00:00","og_image":[{"url":"http:\/\/www.tygrys-biznes.pl\/wp-content\/uploads\/2019\/03\/action-adult-advice-1120344-1024x683.jpg","type":"","width":"","height":""}],"twitter_card":"summary_large_image","schema":{"@context":"https:\/\/schema.org","@graph":[{"@type":"WebPage","@id":"https:\/\/www.tygrys-biznes.pl\/?page_id=2405","url":"https:\/\/www.tygrys-biznes.pl\/?page_id=2405","name":"Opieka informatyczna - TYGRYS.NET BIZNES","isPartOf":{"@id":"https:\/\/www.tygrys-biznes.pl\/#website"},"primaryImageOfPage":{"@id":"https:\/\/www.tygrys-biznes.pl\/?page_id=2405#primaryimage"},"image":{"@id":"https:\/\/www.tygrys-biznes.pl\/?page_id=2405#primaryimage"},"thumbnailUrl":"http:\/\/www.tygrys-biznes.pl\/wp-content\/uploads\/2019\/03\/action-adult-advice-1120344-1024x683.jpg","datePublished":"2019-03-21T09:14:19+00:00","dateModified":"2019-03-21T10:06:02+00:00","breadcrumb":{"@id":"https:\/\/www.tygrys-biznes.pl\/?page_id=2405#breadcrumb"},"inLanguage":"pl-PL","potentialAction":[{"@type":"ReadAction","target":["https:\/\/www.tygrys-biznes.pl\/?page_id=2405"]}]},{"@type":"ImageObject","inLanguage":"pl-PL","@id":"https:\/\/www.tygrys-biznes.pl\/?page_id=2405#primaryimage","url":"http:\/\/www.tygrys-biznes.pl\/wp-content\/uploads\/2019\/03\/action-adult-advice-1120344-1024x683.jpg","contentUrl":"http:\/\/www.tygrys-biznes.pl\/wp-content\/uploads\/2019\/03\/action-adult-advice-1120344-1024x683.jpg"},{"@type":"BreadcrumbList","@id":"https:\/\/www.tygrys-biznes.pl\/?page_id=2405#breadcrumb","itemListElement":[{"@type":"ListItem","position":1,"name":"Strona g\u0142\u00f3wna","item":"https:\/\/www.tygrys-biznes.pl\/"},{"@type":"ListItem","position":2,"name":"Opieka informatyczna"}]},{"@type":"WebSite","@id":"https:\/\/www.tygrys-biznes.pl\/#website","url":"https:\/\/www.tygrys-biznes.pl\/","name":"TYGRYS.NET BIZNES","description":"Obs\u0142uga informatyczna","publisher":{"@id":"https:\/\/www.tygrys-biznes.pl\/#organization"},"potentialAction":[{"@type":"SearchAction","target":{"@type":"EntryPoint","urlTemplate":"https:\/\/www.tygrys-biznes.pl\/?s={search_term_string}"},"query-input":{"@type":"PropertyValueSpecification","valueRequired":true,"valueName":"search_term_string"}}],"inLanguage":"pl-PL"},{"@type":"Organization","@id":"https:\/\/www.tygrys-biznes.pl\/#organization","name":"TYGRYS.NET BIZNES","url":"https:\/\/www.tygrys-biznes.pl\/","logo":{"@type":"ImageObject","inLanguage":"pl-PL","@id":"https:\/\/www.tygrys-biznes.pl\/#\/schema\/logo\/image\/","url":"https:\/\/www.tygrys-biznes.pl\/wp-content\/uploads\/2025\/04\/tygrysbiznes3logo.png","contentUrl":"https:\/\/www.tygrys-biznes.pl\/wp-content\/uploads\/2025\/04\/tygrysbiznes3logo.png","width":200,"height":144,"caption":"TYGRYS.NET BIZNES"},"image":{"@id":"https:\/\/www.tygrys-biznes.pl\/#\/schema\/logo\/image\/"},"sameAs":["https:\/\/www.facebook.com\/tygrys.net","https:\/\/www.instagram.com\/tygrys.net_rumia\/"]}]}},"_links":{"self":[{"href":"https:\/\/www.tygrys-biznes.pl\/index.php?rest_route=\/wp\/v2\/pages\/2405","targetHints":{"allow":["GET"]}}],"collection":[{"href":"https:\/\/www.tygrys-biznes.pl\/index.php?rest_route=\/wp\/v2\/pages"}],"about":[{"href":"https:\/\/www.tygrys-biznes.pl\/index.php?rest_route=\/wp\/v2\/types\/page"}],"author":[{"embeddable":true,"href":"https:\/\/www.tygrys-biznes.pl\/index.php?rest_route=\/wp\/v2\/users\/1"}],"replies":[{"embeddable":true,"href":"https:\/\/www.tygrys-biznes.pl\/index.php?rest_route=%2Fwp%2Fv2%2Fcomments&post=2405"}],"version-history":[{"count":0,"href":"https:\/\/www.tygrys-biznes.pl\/index.php?rest_route=\/wp\/v2\/pages\/2405\/revisions"}],"wp:attachment":[{"href":"https:\/\/www.tygrys-biznes.pl\/index.php?rest_route=%2Fwp%2Fv2%2Fmedia&parent=2405"}],"curies":[{"name":"wp","href":"https:\/\/api.w.org\/{rel}","templated":true}]}}